{"id":14,"date":"2018-06-22T21:19:10","date_gmt":"2018-06-22T19:19:10","guid":{"rendered":"http:\/\/www.klr.ee\/?page_id=14"},"modified":"2024-11-11T11:34:50","modified_gmt":"2024-11-11T09:34:50","slug":"pohimaarus","status":"publish","type":"page","link":"https:\/\/www.klr.ee\/?page_id=14","title":{"rendered":"P\u00f5him\u00e4\u00e4rus"},"content":{"rendered":"<p>&nbsp;<\/p>\n<h2><strong><a href=\"https:\/\/www.riigiteataja.ee\/akt\/404052024021\" rel=\"noopener\" target=\"_blank\">L\u00fcganuse Valla Raamatukogu p\u00f5him\u00e4\u00e4rus<\/a><\/strong><\/h2>\n","protected":false},"excerpt":{"rendered":"<p>&nbsp; L\u00fcganuse Valla Raamatukogu p\u00f5him\u00e4\u00e4rus<\/p>\n","protected":false},"author":1,"featured_media":0,"parent":0,"menu_order":0,"comment_status":"closed","ping_status":"closed","template":"","meta":{"_monsterinsights_skip_tracking":false,"_monsterinsights_sitenote_active":false,"_monsterinsights_sitenote_note":"","_monsterinsights_sitenote_category":0},"_links":{"self":[{"href":"https:\/\/www.klr.ee\/index.php?rest_route=\/wp\/v2\/pages\/14"}],"collection":[{"href":"https:\/\/www.klr.ee\/index.php?rest_route=\/wp\/v2\/pages"}],"about":[{"href":"https:\/\/www.klr.ee\/index.php?rest_route=\/wp\/v2\/types\/page"}],"author":[{"embeddable":true,"href":"https:\/\/www.klr.ee\/index.php?rest_route=\/wp\/v2\/users\/1"}],"replies":[{"embeddable":true,"href":"https:\/\/www.klr.ee\/index.php?rest_route=%2Fwp%2Fv2%2Fcomments&post=14"}],"version-history":[{"count":15,"href":"https:\/\/www.klr.ee\/index.php?rest_route=\/wp\/v2\/pages\/14\/revisions"}],"predecessor-version":[{"id":4342,"href":"https:\/\/www.klr.ee\/index.php?rest_route=\/wp\/v2\/pages\/14\/revisions\/4342"}],"wp:attachment":[{"href":"https:\/\/www.klr.ee\/index.php?rest_route=%2Fwp%2Fv2%2Fmedia&parent=14"}],"curies":[{"name":"wp","href":"https:\/\/api.w.org\/{rel}","templated":true}]}}