{"id":20,"date":"2018-06-22T21:20:13","date_gmt":"2018-06-22T19:20:13","guid":{"rendered":"http:\/\/www.klr.ee\/?page_id=20"},"modified":"2025-12-12T11:55:15","modified_gmt":"2025-12-12T09:55:15","slug":"interneti-kasutamise-eeskiri","status":"publish","type":"page","link":"https:\/\/www.klr.ee\/?page_id=20","title":{"rendered":"Interneti kasutamine"},"content":{"rendered":"<p><strong>Interneti kasutamiseks<\/strong> peab kaasas olemas kas raamatukogu lugejapilet v\u00f5i isikut t\u00f5endav pildiga dokument.<\/p>\n<p>On v\u00f5imalik teha v\u00e4ljatr\u00fckke, paljundada ja skaneerida, mille eest tasutakse vastavalt hinnakirjale.<\/p>\n<p><strong>Tasuta WiFi leviala<\/strong> kogu majas.<\/p>\n<h3><\/h3>\n<p>&nbsp;<\/p>\n<h3>Interneti kasutamise eeskiri<\/h3>\n<p>1. Internetiarvutit saab kasutada raamatukogu t\u00f6\u00f6 ajal.<\/p>\n<p>2. Internetiarvutit v\u00f5ivad kasutada k\u00f5ik raamatukogu lugejad. Eelduseks on eelnev arvuti ja interneti kasutamise oskus.<\/p>\n<p>3. Enne arvuti taha asumist tutvub kasutaja internetiarvuti kasutamise eeskirjaga ja kohustub ka eeskirja t\u00e4itma.<\/p>\n<p>4. Internetiarvuti on m\u00f5eldud eelk\u00f5ige e-teenuste kasutamiseks (e-riik, e-pank, e-post), \u00f5ppet\u00f6\u00f6ks, referaatide ja uurimuste koostamiseks ning internetist vajaliku informatsiooni leidmiseks.<\/p>\n<p>5. Internetiarvutiga t\u00f6\u00f6tab korraga \u00fcks kasutaja.<\/p>\n<p>6. Internetiarvuti kasutamine on tasuta. <\/p>\n<p>7. Eelregistreerimine toimub dokumendi etten\u00e4itamisel. Eelregistreerimise korral peab kasutaja tulema \u00f5igeaegselt. \u00dcle 10-minutilise hilinemise korral l\u00e4heb t\u00f6\u00f6aeg \u00fcle j\u00e4rgmisele soovijale.<\/p>\n<p>8. Arvuti kasutaja peab arvutit kasutama heaperemehelikult ja ei tohi oma k\u00e4itumisega h\u00e4irida teisi raamatukogu k\u00fclastajaid.<\/p>\n<p>9. Arvuti kasutaja on kohustatud h\u00fcvitama tema s\u00fc\u00fcl tekkinud kahju.<\/p>\n<p>10. Keelatud on:<\/p>\n<p>&#8211; Arvuti restartimine ja v\u00e4ljal\u00fclitamine t\u00f6\u00f6taja loata;<br \/>\n&#8211; Tarkvara ja arvutim\u00e4ngude installeerimine;<br \/>\n&#8211; Arvuti h\u00e4\u00e4lestuse muutmine;<br \/>\n&#8211; Isiklike infokandjate kasutamine;<br \/>\n&#8211; Riist- ja tarkvara kahjustamine;<br \/>\n&#8211; Arvutim\u00e4ngude m\u00e4ngimine;<br \/>\n&#8211; Pornograafilise sisuga ja v\u00e4givalda v\u00f5i julmust propageerivate internetilehek\u00fclgede k\u00fclastamine.<\/p>\n<p>11. K\u00e4esoleva eeskirja rikkuja v\u00f5ib saada arvuti kasutamise keelu.<\/p>\n<p>12. Arvutiv\u00e4ljatr\u00fcki tegemine toimub ainult raamatukogu t\u00f6\u00f6taja vahendusel ja on tasuline. (A4 mustvalge \u2013 0,10 eurot).<\/p>\n<p>13. Kivi\u00f5li Linnaraamatukogu ei vastuta k\u00fclastaja poolt loodud\/ salvestatud failides leiduvate isiku- ja muude andmete eest.<\/p>\n<p>14. Kivi\u00f5li Linnaraamatukogu ei vastuta autori\u00f5iguse seaduse rikkumise eest arvuti kasutaja poolt ning ei vastuta laiv\u00f5rgus kordasaadetud tegude tagaj\u00e4rgede eest. Vastutus oma k\u00e4itumise eest lasub t\u00e4ielikult kasutajal.<\/p>\n<p>Kinnitatud Kivi\u00f5li Linnaraamatukogu direktori k\u00e4skkirjaga nr. 1\/1 14.04.2016.a.<\/p>\n","protected":false},"excerpt":{"rendered":"<p>Interneti kasutamiseks peab kaasas olemas kas raamatukogu lugejapilet v\u00f5i isikut t\u00f5endav pildiga dokument. On v\u00f5imalik teha v\u00e4ljatr\u00fckke, paljundada ja skaneerida, mille eest tasutakse vastavalt hinnakirjale. Tasuta WiFi leviala kogu majas. &nbsp; Interneti kasutamise eeskiri 1. Internetiarvutit saab kasutada raamatukogu t\u00f6\u00f6 ajal. 2. Internetiarvutit v\u00f5ivad kasutada k\u00f5ik raamatukogu lugejad. Eelduseks on eelnev arvuti ja interneti kasutamise [&hellip;]<\/p>\n","protected":false},"author":1,"featured_media":0,"parent":0,"menu_order":0,"comment_status":"closed","ping_status":"closed","template":"","meta":{"_monsterinsights_skip_tracking":false,"_monsterinsights_sitenote_active":false,"_monsterinsights_sitenote_note":"","_monsterinsights_sitenote_category":0},"_links":{"self":[{"href":"https:\/\/www.klr.ee\/index.php?rest_route=\/wp\/v2\/pages\/20"}],"collection":[{"href":"https:\/\/www.klr.ee\/index.php?rest_route=\/wp\/v2\/pages"}],"about":[{"href":"https:\/\/www.klr.ee\/index.php?rest_route=\/wp\/v2\/types\/page"}],"author":[{"embeddable":true,"href":"https:\/\/www.klr.ee\/index.php?rest_route=\/wp\/v2\/users\/1"}],"replies":[{"embeddable":true,"href":"https:\/\/www.klr.ee\/index.php?rest_route=%2Fwp%2Fv2%2Fcomments&post=20"}],"version-history":[{"count":12,"href":"https:\/\/www.klr.ee\/index.php?rest_route=\/wp\/v2\/pages\/20\/revisions"}],"predecessor-version":[{"id":4659,"href":"https:\/\/www.klr.ee\/index.php?rest_route=\/wp\/v2\/pages\/20\/revisions\/4659"}],"wp:attachment":[{"href":"https:\/\/www.klr.ee\/index.php?rest_route=%2Fwp%2Fv2%2Fmedia&parent=20"}],"curies":[{"name":"wp","href":"https:\/\/api.w.org\/{rel}","templated":true}]}}