{"id":23,"date":"2018-06-22T21:26:15","date_gmt":"2018-06-22T19:26:15","guid":{"rendered":"http:\/\/www.klr.ee\/?page_id=23"},"modified":"2023-02-06T14:50:59","modified_gmt":"2023-02-06T12:50:59","slug":"kojulaenutus","status":"publish","type":"page","link":"https:\/\/www.klr.ee\/?page_id=23","title":{"rendered":"Kojulaenutus"},"content":{"rendered":"<p>&nbsp;<br \/>\nKoju on v\u00f5imalik laenutada: ilu- ja aimekirjandust ning ajakirju.<br \/>\nTr\u00fckiste leidmist h\u00f5lbustab <a href=\"https:\/\/klr.webriks.ee\/\">elektronkataloog<\/a>.<\/p>\n<p>&#8211; Lugejaks vormistamisel tuleb esitada isikukoodi ja fotoga dokument. Alaealised esitavad lisaks lapsevanema (eestkostja) n\u00f5usoleku.<\/p>\n<p>&#8211; Lugejaks registreerimisel esitatakse allj\u00e4rgnevad andmed:<br \/>\n1) ees- ja perekonnanimi;<br \/>\n2) isikukood;<br \/>\n3) elukoha aadress(id);<br \/>\n4) e-posti aadress;<br \/>\n5) telefoninumber.<\/p>\n<p>&#8211; Raamatukogu k\u00fclastamiseks on vajalik lugejakaart v\u00f5i kehtiv ID kaart.<\/p>\n<p>&#8211; Elukoha muutmisel peab lugeja teatama raamatukogule oma uue aadressi.<\/p>\n<p>&#8211; Igal aastal registreeritakse lugejad \u00fcmber (nime, elukoha, e-posti aadressi jt lugejaks registreerimisel antud andmete kontrollimine).<\/p>\n<p>&#8211; Raamatukogus saab lugeja registreerimisel lugejakaardi ja annab allkirja. Antud allkirjaga kinnitab lugeja, et n\u00f5ustub t\u00e4itma raamatukogu kasutamise eeskirja ja on teadlik oma isikuandmete t\u00f6\u00f6tlemisest eeskirjas s\u00e4testatud ulatuses. Lugejakaart on tasuta.<br \/>\nKaotatud v\u00f5i rikutud lugejakaardi asendamine uuega maksab 1.90 eurot.<\/p>\n<p>&#8211; Lugejal on \u00f5igus laenutada korraga kuni viis teavikut kolmeks n\u00e4dalaks.<\/p>\n<p>&#8211; Kojulaenutatud teavikute tagastamist\u00e4htaega v\u00f5ib pikendada:<\/p>\n<p>    &nbsp;&nbsp;&nbsp;telefoni teel (335 8526 laenutusosakond, 335 8511 lasteosakond);<br \/>\n    &nbsp;&nbsp;&nbsp;e-posti teel (kivioli.raamatukogu@lyganuse.ee);<br \/>\n    &nbsp;&nbsp;&nbsp;raamatukogus kohapeal;<br \/>\n    &nbsp;&nbsp;&nbsp;logides sisse oma lugejakontole e-kataloogis <a href=\"https:\/\/klr.webriks.ee\/index.asp?action=10\">RIKSWEB<\/a>.<\/p>\n","protected":false},"excerpt":{"rendered":"<p>&nbsp; Koju on v\u00f5imalik laenutada: ilu- ja aimekirjandust ning ajakirju. Tr\u00fckiste leidmist h\u00f5lbustab elektronkataloog. &#8211; Lugejaks vormistamisel tuleb esitada isikukoodi ja fotoga dokument. Alaealised esitavad lisaks lapsevanema (eestkostja) n\u00f5usoleku. &#8211; Lugejaks registreerimisel esitatakse allj\u00e4rgnevad andmed: 1) ees- ja perekonnanimi; 2) isikukood; 3) elukoha aadress(id); 4) e-posti aadress; 5) telefoninumber. &#8211; Raamatukogu k\u00fclastamiseks on vajalik lugejakaart [&hellip;]<\/p>\n","protected":false},"author":1,"featured_media":0,"parent":0,"menu_order":0,"comment_status":"closed","ping_status":"closed","template":"","meta":{"_monsterinsights_skip_tracking":false,"_monsterinsights_sitenote_active":false,"_monsterinsights_sitenote_note":"","_monsterinsights_sitenote_category":0},"_links":{"self":[{"href":"https:\/\/www.klr.ee\/index.php?rest_route=\/wp\/v2\/pages\/23"}],"collection":[{"href":"https:\/\/www.klr.ee\/index.php?rest_route=\/wp\/v2\/pages"}],"about":[{"href":"https:\/\/www.klr.ee\/index.php?rest_route=\/wp\/v2\/types\/page"}],"author":[{"embeddable":true,"href":"https:\/\/www.klr.ee\/index.php?rest_route=\/wp\/v2\/users\/1"}],"replies":[{"embeddable":true,"href":"https:\/\/www.klr.ee\/index.php?rest_route=%2Fwp%2Fv2%2Fcomments&post=23"}],"version-history":[{"count":30,"href":"https:\/\/www.klr.ee\/index.php?rest_route=\/wp\/v2\/pages\/23\/revisions"}],"predecessor-version":[{"id":4215,"href":"https:\/\/www.klr.ee\/index.php?rest_route=\/wp\/v2\/pages\/23\/revisions\/4215"}],"wp:attachment":[{"href":"https:\/\/www.klr.ee\/index.php?rest_route=%2Fwp%2Fv2%2Fmedia&parent=23"}],"curies":[{"name":"wp","href":"https:\/\/api.w.org\/{rel}","templated":true}]}}