{"id":26,"date":"2018-06-22T21:26:32","date_gmt":"2018-06-22T19:26:32","guid":{"rendered":"http:\/\/www.klr.ee\/?page_id=26"},"modified":"2023-02-02T16:39:03","modified_gmt":"2023-02-02T14:39:03","slug":"koduteenindus","status":"publish","type":"page","link":"https:\/\/www.klr.ee\/?page_id=26","title":{"rendered":"Teenused"},"content":{"rendered":"<p><strong>Raamatukogudevaheline laenutus (RVL)<\/strong><\/p>\n<p>Kivi\u00f5li Linnaraamatukogus puuduvaid ja lugejale vajalikke tr\u00fckiseid saab tellida teistest raamatukogudest raamatukogudevahelise laenutuse ehk RVLi teel. Raamatu postikulu tasub lugeja.<\/p>\n<p align=\"JUSTIFY\">Lisainfot RVL-teenuse kohta saab:<\/p>\n<ul>\n<li>\u00a0laenutusosakonnast<\/li>\n<li>\u00a0telefonil 335 8526<\/li>\n<li>\u00a0e-posti aadressilt kivioli.raamatukogu@lyganuse.ee<\/li>\n<\/ul>\n<p>&nbsp;<\/p>\n<p><strong>Tagastuskast<\/strong><\/p>\n<p>Kivi\u00f5li Linnaraamatukogu v\u00e4lisuksel paiknevasse tagastuskasti saab raamatuid tagastada ajal, kui raamatukogu on suletud.<br \/>\nTagastuskasti t\u00fchjendatakse raamatukogu lahtiolekuaegadel, laenaja tuvastatakse raamatu v\u00f6\u00f6tkoodi abil.<\/p>\n<p>&nbsp;<\/p>\n<p><strong>Koduteenindus<\/strong><\/p>\n<p>Pakume eakatele ja liikumisraskustega Kivi\u00f5li inimestele v\u00f5imalust tellida endale raamatukogust raamatuid ja ajakirju (mitte viimaseid numbreid).<br \/>\nRaamatukoguhoidja toob \u00fcks kord kuus lugejale soovitud teavikud koju ja viib hiljem raamatukokku tagasi.<br \/>\nTeenus on tasuta.<br \/>\nOma soovidega v\u00f5ib julgesti raamatukogu poole p\u00f6\u00f6rduda, aitame ka kirjanduse valikul.<\/p>\n<p>Info telefonil 335 8526 v\u00f5i kivioli.raamatukogu@lyganuse.ee<\/p>\n<p>&nbsp;<\/p>\n<p><strong>Internet<\/strong><\/p>\n<p>Interneti kasutamiseks peab kaasas olemas kas raamatukogu lugejapilet v\u00f5i isikut t\u00f5endav pildiga dokument.<br \/>\nOn v\u00f5imalik teha v\u00e4ljatr\u00fckke ja paljundada, mille eest tasutakse vastavalt hinnakirjale.<br \/>\nRaamarukogus saab kohapeal tasuta lugeda ajalehtede digiv\u00e4ljaandeid (P\u00f5hjarannik, Postimees, Delfi).<br \/>\nTasuta WiFi leviala kogu majas.<\/p>\n<p>&nbsp;<\/p>\n<p><strong>Printimine, paljundamine, skaneerimine<br \/>\n<\/strong><\/p>\n<p>Raamatukogus saab printida, paljundada ja skaneerida kasutades selleks raamatukoguhoidja abi.<br \/>\nRaamatukoguhoidja vahendusel tehtud teenuse eest tasutakse Kivi\u00f5li Linnaraamatukogu hinnakirja alusel.<br \/>\nSkanneri kasutamine on TASUTA.<\/p>\n<p>&nbsp;<\/p>\n<p><strong>Tasulised teenused. Hinnakiri<\/strong><\/p>\n<p><em><strong>Lugejakaart<\/strong><\/em><br \/>\nlugejakaardi esmane v\u00e4ljastamine tasuta<br \/>\nlugejakaardi asendamine 1.90 euro\/tk<\/p>\n<p><em><strong>Paljundus- ja printimisteenus<\/strong><\/em><br \/>\nformaat A4 \u00a0mustvalge 0.10 eurot\/leht<\/p>\n<p>&nbsp;<\/p>\n","protected":false},"excerpt":{"rendered":"<p>Raamatukogudevaheline laenutus (RVL) Kivi\u00f5li Linnaraamatukogus puuduvaid ja lugejale vajalikke tr\u00fckiseid saab tellida teistest raamatukogudest raamatukogudevahelise laenutuse ehk RVLi teel. Raamatu postikulu tasub lugeja. Lisainfot RVL-teenuse kohta saab: \u00a0laenutusosakonnast \u00a0telefonil 335 8526 \u00a0e-posti aadressilt kivioli.raamatukogu@lyganuse.ee &nbsp; Tagastuskast Kivi\u00f5li Linnaraamatukogu v\u00e4lisuksel paiknevasse tagastuskasti saab raamatuid tagastada ajal, kui raamatukogu on suletud. Tagastuskasti t\u00fchjendatakse raamatukogu lahtiolekuaegadel, laenaja tuvastatakse [&hellip;]<\/p>\n","protected":false},"author":1,"featured_media":0,"parent":0,"menu_order":0,"comment_status":"closed","ping_status":"closed","template":"","meta":{"_monsterinsights_skip_tracking":false,"_monsterinsights_sitenote_active":false,"_monsterinsights_sitenote_note":"","_monsterinsights_sitenote_category":0},"_links":{"self":[{"href":"https:\/\/www.klr.ee\/index.php?rest_route=\/wp\/v2\/pages\/26"}],"collection":[{"href":"https:\/\/www.klr.ee\/index.php?rest_route=\/wp\/v2\/pages"}],"about":[{"href":"https:\/\/www.klr.ee\/index.php?rest_route=\/wp\/v2\/types\/page"}],"author":[{"embeddable":true,"href":"https:\/\/www.klr.ee\/index.php?rest_route=\/wp\/v2\/users\/1"}],"replies":[{"embeddable":true,"href":"https:\/\/www.klr.ee\/index.php?rest_route=%2Fwp%2Fv2%2Fcomments&post=26"}],"version-history":[{"count":20,"href":"https:\/\/www.klr.ee\/index.php?rest_route=\/wp\/v2\/pages\/26\/revisions"}],"predecessor-version":[{"id":4192,"href":"https:\/\/www.klr.ee\/index.php?rest_route=\/wp\/v2\/pages\/26\/revisions\/4192"}],"wp:attachment":[{"href":"https:\/\/www.klr.ee\/index.php?rest_route=%2Fwp%2Fv2%2Fmedia&parent=26"}],"curies":[{"name":"wp","href":"https:\/\/api.w.org\/{rel}","templated":true}]}}