{"id":29,"date":"2018-06-22T21:26:45","date_gmt":"2018-06-22T19:26:45","guid":{"rendered":"http:\/\/www.klr.ee\/?page_id=29"},"modified":"2025-02-05T11:52:16","modified_gmt":"2025-02-05T09:52:16","slug":"lugemissaal","status":"publish","type":"page","link":"https:\/\/www.klr.ee\/?page_id=29","title":{"rendered":"Lugemissaal"},"content":{"rendered":"<p>&nbsp;<\/p>\n<p><strong>Lugemissaalis on v\u00f5imalik:<\/strong><\/p>\n<p>&#8211; lugeda ajalehti ja ajakirju;<\/p>\n<p>&#8211; tasuta saab lugeda ajalehtede digiv\u00e4ljaandeid (Postimees, \u00d5htuleht, P\u00f5hjarannik, Delfi);<\/p>\n<p>&#8211; laenutada ajakirju koju;<\/p>\n<p>&#8211; tellida raamatukogus puuduvat kirjandust RVLi (raamatukogudevahelise laenutuse) kaudu. Raamatu postikulu tasub lugeja;<\/p>\n<p>&#8211; tutvuda temaatiliste ja t\u00e4htp\u00e4evaliste n\u00e4itustega;<\/p>\n<p>&#8211; osaleda temaatilistel \u00f5htutel (\u00fcritusi pildistatakse ja pildid avalikustatakse raamatukogu kodulehel);<\/p>\n<p>&#8211; kasutada internetiarvutit.<\/p>\n<p>&nbsp;<\/p>\n<h4>Ajakirjad<\/h4>\n<ul>\n<li><a href=\"http:\/\/www.akad.ee\/\" target=\"_blank\" rel=\"noopener noreferrer\">Akadeemia<\/a><\/li>\n<li><a href=\"http:\/\/www.annestiil.ee\/\" target=\"_blank\" rel=\"noopener noreferrer\">Anne &amp; Stiil<\/a><\/li>\n<li>Burda<\/li>\n<li><a href=\"http:\/\/www.loodusajakiri.ee\/valjaanded\/eesti-loodus\/\" target=\"_blank\" rel=\"noopener noreferrer\">Eesti Loodus<\/a><\/li>\n<li>Eesti Naine + Elu Lood<\/li>\n<li><a href=\"https:\/\/reisikirjad.gotravel.ee\/\" target=\"_blank\" rel=\"noopener noreferrer\">Go Reisiajakiri<\/a><\/li>\n<li><a href=\"http:\/\/imelineajalugu.ee\/\" target=\"_blank\" rel=\"noopener noreferrer\">Imeline Ajalugu<\/a><\/li>\n<li><a href=\"http:\/\/www.imelineteadus.ee\/\" target=\"_blank\" rel=\"noopener noreferrer\">Imeline Teadus<\/a><\/li>\n<li><a href=\"http:\/\/keeljakirjandus.ee\/\" target=\"_blank\" rel=\"noopener noreferrer\">Keel ja Kirjandus<\/a><\/li>\n<li>Kodu &amp; Aed<\/li>\n<li>Kodukiri<\/li>\n<li><a href=\"http:\/\/www.kodutohter.ee\/\" target=\"_blank\" rel=\"noopener noreferrer\">Kodutohter<\/a><\/li>\n<li><a href=\"http:\/\/www.kroonika.ee\/\" target=\"_blank\" rel=\"noopener noreferrer\">Kroonika + Kodu Eri<\/a><\/li>\n<li>K\u00e4sit\u00f6\u00f6<\/li>\n<li><a href=\"http:\/\/www.looming.ee\/\" target=\"_blank\" rel=\"noopener noreferrer\">Looming<\/a><\/li>\n<li>Loomingu Raamatukogu<\/li>\n<li>Maakodu<\/li>\n<li>Muusika<\/li>\n<li>Naisteleht<\/li>\n<li>Naisteleht 55+<\/li>\n<li><a href=\"http:\/\/www.perekodu.ee\/\" target=\"_blank\" rel=\"noopener noreferrer\">Pere ja Kodu<\/a><\/li>\n<li>Sabrina<\/li>\n<li><a href=\"http:\/\/www.temuki.ee\/\" target=\"_blank\" rel=\"noopener noreferrer\">Teater. Muusika. Kino<\/a><\/li>\n<li><a href=\"http:\/\/www.tehnikamaailm.ee\/\" target=\"_blank\" rel=\"noopener noreferrer\">Tehnikamaailm<\/a><\/li>\n<li>Tiiu<\/li>\n<li><a href=\"http:\/\/www.vikerkaar.ee\/\" target=\"_blank\" rel=\"noopener noreferrer\">Vikerkaar<\/a><\/li>\n<li><a href=\"http:\/\/www.va.ee\/\" target=\"_blank\" rel=\"noopener noreferrer\">V\u00e4rske R\u00f5hk<\/a><\/li>\n<li>1000 \u0441\u043e\u0432\u0435\u0442\u043e\u0432<\/li>\n<li>1000 \u0441\u043e\u0432\u0435\u0442\u043e\u0432 \u0434\u0430\u0447\u043d\u0438\u043a\u0443<\/li>\n<li>1000 \u0441\u043e\u0432\u0435\u0442\u043e\u0432 \u043a\u0443\u043b\u0438\u043d\u0430\u0440\u0443<\/li>\n<li>\u0410\u0437\u0431\u0443\u043a\u0430 \u0437\u0434\u043e\u0440\u043e\u0432\u044c\u044f<\/li>\n<li>\u0417\u0430\u0433\u0430\u0434\u043a\u0438 \u0438 \u0444\u0430\u043a\u0442\u044b<\/li>\n<li>\u041b\u0438\u043b\u0438\u0442<\/li>\n<li>\u041e\u0434\u043d\u0430\u043a\u043e, \u0436\u0438\u0437\u043d\u044c<\/li>\n<li>\u0420\u0435\u0446\u0435\u043f\u0442\u044b \u0437\u0434\u043e\u0440\u043e\u0432\u044c\u044f<\/li>\n<li>\u0421\u0435\u043c\u0435\u0440\u043e \u0441 \u043b\u043e\u0436\u043a\u043e\u0439<\/li>\n<li>Jana Luxury<\/li>\n<\/ul>\n<h4>Ajalehed<\/h4>\n<ul>\n<li><a href=\"http:\/\/www.ekspress.ee\/\" target=\"_blank\" rel=\"noopener noreferrer\">Eesti Ekspress<\/a><\/li>\n<li>LP Eesti P\u00e4evaleht<\/li>\n<li>L\u00fcganuse Vallaleht<\/li>\n<li><a href=\"http:\/\/www.maaleht.ee\/\" target=\"_blank\" rel=\"noopener noreferrer\">Maaleht<\/a><\/li>\n<li><a href=\"http:\/\/www.pohjarannik.ee\/\" target=\"_blank\" rel=\"noopener noreferrer\">P\u00f5hjarannik<\/a><\/li>\n<li><a href=\"http:\/\/www.postimees.ee\/\" target=\"_blank\" rel=\"noopener noreferrer\">Postimees<\/a><\/li>\n<li><a href=\"http:\/\/www.sirp.ee\/\" target=\"_blank\" rel=\"noopener noreferrer\">Sirp<\/a><\/li>\n<li><a href=\"http:\/\/www.virumaateataja.ee\/\" target=\"_blank\" rel=\"noopener noreferrer\">Virumaa Teataja<\/a><\/li>\n<li><a href=\"http:\/\/www.ohtuleht.ee\/\" target=\"_blank\" rel=\"noopener noreferrer\">\u00d5htuleht<\/a><\/li>\n<li>Aif \u0415\u0412\u0420\u041e\u041f\u0410+<\/li>\n<li>Info\u043f\u0440\u0435\u0441\u0441<\/li>\n<li>MK-\u042d\u0441\u0442\u043e\u043d\u0438\u044f<\/li>\n<li><a href=\"http:\/\/rus.pohjarannik.ee\/\" target=\"_blank\" rel=\"noopener noreferrer\">\u0421\u0435\u0432\u0435\u0440\u043d\u043e\u0435 \u043f\u043e\u0431\u0435\u0440\u0435\u0436\u044c\u0435<\/a><\/li>\n<li>\u042d\u0441\u0442\u043e\u043d\u0441\u043a\u0438\u0439 \u044d\u043a\u0441\u043f\u0440\u0435\u0441\u0441<\/li>\n<\/ul>\n","protected":false},"excerpt":{"rendered":"<p>&nbsp; Lugemissaalis on v\u00f5imalik: &#8211; lugeda ajalehti ja ajakirju; &#8211; tasuta saab lugeda ajalehtede digiv\u00e4ljaandeid (Postimees, \u00d5htuleht, P\u00f5hjarannik, Delfi); &#8211; laenutada ajakirju koju; &#8211; tellida raamatukogus puuduvat kirjandust RVLi (raamatukogudevahelise laenutuse) kaudu. Raamatu postikulu tasub lugeja; &#8211; tutvuda temaatiliste ja t\u00e4htp\u00e4evaliste n\u00e4itustega; &#8211; osaleda temaatilistel \u00f5htutel (\u00fcritusi pildistatakse ja pildid avalikustatakse raamatukogu kodulehel); &#8211; kasutada [&hellip;]<\/p>\n","protected":false},"author":1,"featured_media":0,"parent":0,"menu_order":0,"comment_status":"closed","ping_status":"closed","template":"","meta":{"_monsterinsights_skip_tracking":false,"_monsterinsights_sitenote_active":false,"_monsterinsights_sitenote_note":"","_monsterinsights_sitenote_category":0},"_links":{"self":[{"href":"https:\/\/www.klr.ee\/index.php?rest_route=\/wp\/v2\/pages\/29"}],"collection":[{"href":"https:\/\/www.klr.ee\/index.php?rest_route=\/wp\/v2\/pages"}],"about":[{"href":"https:\/\/www.klr.ee\/index.php?rest_route=\/wp\/v2\/types\/page"}],"author":[{"embeddable":true,"href":"https:\/\/www.klr.ee\/index.php?rest_route=\/wp\/v2\/users\/1"}],"replies":[{"embeddable":true,"href":"https:\/\/www.klr.ee\/index.php?rest_route=%2Fwp%2Fv2%2Fcomments&post=29"}],"version-history":[{"count":44,"href":"https:\/\/www.klr.ee\/index.php?rest_route=\/wp\/v2\/pages\/29\/revisions"}],"predecessor-version":[{"id":4497,"href":"https:\/\/www.klr.ee\/index.php?rest_route=\/wp\/v2\/pages\/29\/revisions\/4497"}],"wp:attachment":[{"href":"https:\/\/www.klr.ee\/index.php?rest_route=%2Fwp%2Fv2%2Fmedia&parent=29"}],"curies":[{"name":"wp","href":"https:\/\/api.w.org\/{rel}","templated":true}]}}