{"id":32,"date":"2018-06-22T21:27:04","date_gmt":"2018-06-22T19:27:04","guid":{"rendered":"http:\/\/www.klr.ee\/?page_id=32"},"modified":"2024-01-12T11:17:23","modified_gmt":"2024-01-12T09:17:23","slug":"lasteraamatukogu","status":"publish","type":"page","link":"https:\/\/www.klr.ee\/?page_id=32","title":{"rendered":"Lasteraamatukogu"},"content":{"rendered":"<p>&nbsp;<\/p>\n<p>Lasteraamatukogu teenindab v\u00e4ikelapsi, \u00f5pilasi ja lastekirjandushuvilisi t\u00e4iskasvanuid.<\/p>\n<p>Raamatuid laenutatakse koju 21 p\u00e4evaks, 5 teavikut korraga.<\/p>\n<p>Kojulaenutatud teavikute tagastamist\u00e4htaega v\u00f5ib pikendada ka telefoni teel.<\/p>\n<p>Lasteraamatukogus leidub ilu- ja aimekirjandust eesti, vene ja teistes keeltes.<\/p>\n<p>Huvilised saavad lugeda ajakirju, m\u00e4ngida lauam\u00e4nge, kokku panna puslesid, vaadata videofilme ja surfata internetis, pidevalt korraldatakse lastele mitmesuguseid \u00fcritusi (\u00fcritusi pildistatakse ja pildid avalikustatakse raamatukogu kodulehel).<\/p>\n<h3>Ajakirjad<\/h3>\n<ul>\n<li><a href=\"http:\/\/www.healaps.ee\/\" target=\"_blank\" rel=\"noopener noreferrer\">Hea laps<\/a><\/li>\n<li>Lemmik<\/li>\n<li>Miki Hiir<\/li>\n<li>Minu Maailm<\/li>\n<li>T\u00e4heke<\/li>\n<li>\u041d\u0435\u043f\u043e\u0441\u0435\u0434\u0430<\/li>\n<\/ul>\n","protected":false},"excerpt":{"rendered":"<p>&nbsp; Lasteraamatukogu teenindab v\u00e4ikelapsi, \u00f5pilasi ja lastekirjandushuvilisi t\u00e4iskasvanuid. Raamatuid laenutatakse koju 21 p\u00e4evaks, 5 teavikut korraga. Kojulaenutatud teavikute tagastamist\u00e4htaega v\u00f5ib pikendada ka telefoni teel. Lasteraamatukogus leidub ilu- ja aimekirjandust eesti, vene ja teistes keeltes. Huvilised saavad lugeda ajakirju, m\u00e4ngida lauam\u00e4nge, kokku panna puslesid, vaadata videofilme ja surfata internetis, pidevalt korraldatakse lastele mitmesuguseid \u00fcritusi (\u00fcritusi pildistatakse [&hellip;]<\/p>\n","protected":false},"author":1,"featured_media":0,"parent":0,"menu_order":0,"comment_status":"closed","ping_status":"closed","template":"","meta":{"_monsterinsights_skip_tracking":false,"_monsterinsights_sitenote_active":false,"_monsterinsights_sitenote_note":"","_monsterinsights_sitenote_category":0},"_links":{"self":[{"href":"https:\/\/www.klr.ee\/index.php?rest_route=\/wp\/v2\/pages\/32"}],"collection":[{"href":"https:\/\/www.klr.ee\/index.php?rest_route=\/wp\/v2\/pages"}],"about":[{"href":"https:\/\/www.klr.ee\/index.php?rest_route=\/wp\/v2\/types\/page"}],"author":[{"embeddable":true,"href":"https:\/\/www.klr.ee\/index.php?rest_route=\/wp\/v2\/users\/1"}],"replies":[{"embeddable":true,"href":"https:\/\/www.klr.ee\/index.php?rest_route=%2Fwp%2Fv2%2Fcomments&post=32"}],"version-history":[{"count":11,"href":"https:\/\/www.klr.ee\/index.php?rest_route=\/wp\/v2\/pages\/32\/revisions"}],"predecessor-version":[{"id":4289,"href":"https:\/\/www.klr.ee\/index.php?rest_route=\/wp\/v2\/pages\/32\/revisions\/4289"}],"wp:attachment":[{"href":"https:\/\/www.klr.ee\/index.php?rest_route=%2Fwp%2Fv2%2Fmedia&parent=32"}],"curies":[{"name":"wp","href":"https:\/\/api.w.org\/{rel}","templated":true}]}}