{"id":62,"date":"2018-06-23T10:56:33","date_gmt":"2018-06-23T08:56:33","guid":{"rendered":"http:\/\/www.klr.ee\/?page_id=62"},"modified":"2026-02-20T16:24:24","modified_gmt":"2026-02-20T14:24:24","slug":"naitused-ja-uritused","status":"publish","type":"page","link":"https:\/\/www.klr.ee\/?page_id=62","title":{"rendered":"Galerii"},"content":{"rendered":"<hr \/>\n<p><strong>Kohtumis\u00f5htu Tauri Tallermaaga &#8211; &#8220;Keskendumine ja m\u00e4lu treening&#8221;<\/strong><br \/>\nKui keegi t\u00f5mbab publiku k\u00e4ima, siis on see m\u00e4lutreener Tauri Tallermaa. Haaravat ja p\u00f5nevat vestlus\u00f5htut ilmestasid mitmed praktilised harjutused \u2013 rahval oli l\u00f5bu laialt! Oli \u00fcllatav, kui v\u00e4he me igap\u00e4evaselt kasutuses v\u00f5i silme ees olevaid kujundeid tegelikult m\u00e4rkame.<br \/>\nTeeme katse: meil on praegu ol\u00fcmpia k\u00e4imas. Nimeta j\u00e4rjekorras (vasakult paremale) k\u00f5ik ol\u00fcmpiar\u00f5ngaste v\u00e4rvid (ole aus ja \u00e4ra googleda) \u2026<br \/>\n Noh, kas panid t\u00e4ppi?<br \/>\nSaime teada, et asjade meelde j\u00e4tmiseks tuleb leida seoseid ning korrata, korrata, korrata. Kolm tundi lendas linnutiivul ja juttu oleks j\u00e4tkunud veel kauemakski.<br \/>\nMaitsvate ja kaunite suupistete eest hoolitses Pagarikoda O\u00dc.<br \/>\nSee suurep\u00e4rane \u00f5htupoolik sai ellu viidud Euroopa Sotsiaalfondi ja  MT\u00dc Virumaa Koost\u00f6\u00f6kogu ESF+ \u201eSotsiaalne heaolu\u201c miniprojekti rahastuse toel.<br \/>\n<div id='gallery-1' class='gallery galleryid-62 gallery-columns-3 gallery-size-thumbnail'><dl class='gallery-item'>\n\t\t\t<dt class='gallery-icon landscape'>\n\t\t\t\t<a href='https:\/\/www.klr.ee\/wp-content\/uploads\/2026\/02\/1-scaled.jpg' title=\"\" data-rl_title=\"\" class=\"rl-gallery-link\" data-rl_caption=\"\" data-rel=\"lightbox-gallery-1\" data-magnific_type=\"gallery\"><img width=\"100\" height=\"100\" src=\"https:\/\/www.klr.ee\/wp-content\/uploads\/2026\/02\/1-100x100.jpg\" class=\"attachment-thumbnail size-thumbnail\" alt=\"\" loading=\"lazy\" \/><\/a>\n\t\t\t<\/dt><\/dl><dl class='gallery-item'>\n\t\t\t<dt class='gallery-icon landscape'>\n\t\t\t\t<a href='https:\/\/www.klr.ee\/wp-content\/uploads\/2026\/02\/2-scaled.jpg' title=\"\" data-rl_title=\"\" class=\"rl-gallery-link\" data-rl_caption=\"\" data-rel=\"lightbox-gallery-1\" data-magnific_type=\"gallery\"><img width=\"100\" height=\"100\" src=\"https:\/\/www.klr.ee\/wp-content\/uploads\/2026\/02\/2-100x100.jpg\" class=\"attachment-thumbnail size-thumbnail\" alt=\"\" loading=\"lazy\" \/><\/a>\n\t\t\t<\/dt><\/dl><dl class='gallery-item'>\n\t\t\t<dt class='gallery-icon landscape'>\n\t\t\t\t<a href='https:\/\/www.klr.ee\/wp-content\/uploads\/2026\/02\/3-scaled.jpg' title=\"\" data-rl_title=\"\" class=\"rl-gallery-link\" data-rl_caption=\"\" data-rel=\"lightbox-gallery-1\" data-magnific_type=\"gallery\"><img width=\"100\" height=\"100\" src=\"https:\/\/www.klr.ee\/wp-content\/uploads\/2026\/02\/3-100x100.jpg\" class=\"attachment-thumbnail size-thumbnail\" alt=\"\" loading=\"lazy\" \/><\/a>\n\t\t\t<\/dt><\/dl><br style=\"clear: both\" \/><dl class='gallery-item'>\n\t\t\t<dt class='gallery-icon landscape'>\n\t\t\t\t<a href='https:\/\/www.klr.ee\/wp-content\/uploads\/2026\/02\/4-scaled.jpg' title=\"\" data-rl_title=\"\" class=\"rl-gallery-link\" data-rl_caption=\"\" data-rel=\"lightbox-gallery-1\" data-magnific_type=\"gallery\"><img width=\"100\" height=\"100\" src=\"https:\/\/www.klr.ee\/wp-content\/uploads\/2026\/02\/4-100x100.jpg\" class=\"attachment-thumbnail size-thumbnail\" alt=\"\" loading=\"lazy\" \/><\/a>\n\t\t\t<\/dt><\/dl><dl class='gallery-item'>\n\t\t\t<dt class='gallery-icon landscape'>\n\t\t\t\t<a href='https:\/\/www.klr.ee\/wp-content\/uploads\/2026\/02\/5-scaled.jpg' title=\"\" data-rl_title=\"\" class=\"rl-gallery-link\" data-rl_caption=\"\" data-rel=\"lightbox-gallery-1\" data-magnific_type=\"gallery\"><img width=\"100\" height=\"100\" src=\"https:\/\/www.klr.ee\/wp-content\/uploads\/2026\/02\/5-100x100.jpg\" class=\"attachment-thumbnail size-thumbnail\" alt=\"\" loading=\"lazy\" \/><\/a>\n\t\t\t<\/dt><\/dl><dl class='gallery-item'>\n\t\t\t<dt class='gallery-icon landscape'>\n\t\t\t\t<a href='https:\/\/www.klr.ee\/wp-content\/uploads\/2026\/02\/6-scaled.jpg' title=\"\" data-rl_title=\"\" class=\"rl-gallery-link\" data-rl_caption=\"\" data-rel=\"lightbox-gallery-1\" data-magnific_type=\"gallery\"><img width=\"100\" height=\"100\" src=\"https:\/\/www.klr.ee\/wp-content\/uploads\/2026\/02\/6-100x100.jpg\" class=\"attachment-thumbnail size-thumbnail\" alt=\"\" loading=\"lazy\" \/><\/a>\n\t\t\t<\/dt><\/dl><br style=\"clear: both\" \/><dl class='gallery-item'>\n\t\t\t<dt class='gallery-icon landscape'>\n\t\t\t\t<a href='https:\/\/www.klr.ee\/wp-content\/uploads\/2026\/02\/8.jpg' title=\"\" data-rl_title=\"\" class=\"rl-gallery-link\" data-rl_caption=\"\" data-rel=\"lightbox-gallery-1\" data-magnific_type=\"gallery\"><img width=\"100\" height=\"100\" src=\"https:\/\/www.klr.ee\/wp-content\/uploads\/2026\/02\/8-100x100.jpg\" class=\"attachment-thumbnail size-thumbnail\" alt=\"\" loading=\"lazy\" \/><\/a>\n\t\t\t<\/dt><\/dl><dl class='gallery-item'>\n\t\t\t<dt class='gallery-icon landscape'>\n\t\t\t\t<a href='https:\/\/www.klr.ee\/wp-content\/uploads\/2026\/02\/9-scaled.jpg' title=\"\" data-rl_title=\"\" class=\"rl-gallery-link\" data-rl_caption=\"\" data-rel=\"lightbox-gallery-1\" data-magnific_type=\"gallery\"><img width=\"100\" height=\"100\" src=\"https:\/\/www.klr.ee\/wp-content\/uploads\/2026\/02\/9-100x100.jpg\" class=\"attachment-thumbnail size-thumbnail\" alt=\"\" loading=\"lazy\" \/><\/a>\n\t\t\t<\/dt><\/dl>\n\t\t\t<br style='clear: both' \/>\n\t\t<\/div>\n<\/p>\n<hr \/>\n<p><strong>MUUSIKA HINGELE. K\u00fclas on Larissa Kharitonova ja Aleksander Sukorkin<\/strong><br \/>\n18. veebruaril t\u00e4itus raamatukogu v\u00e4ga l\u00fc\u00fcrilise ja hingestatud muusikaga. Hubases atmosf\u00e4\u00e4ris k\u00f5lasid teiste laulude seas itaaliakeelne O, sole mio ja Mister X-i aaria Imre K\u00e1lm\u00e1ni operetist &#8220;Tsirkusprintsess&#8221;, mis kuulajatel kananaha ihule t\u00f5id. T\u00e4name muusika- ja kirjandusklubi &#8220;Nostalgia&#8221; tulihingelisi eestvedajaid!\ud83d\udc4f\ud83d\udc4f\ud83d\udc4f<br \/>\n<div id='gallery-2' class='gallery galleryid-62 gallery-columns-3 gallery-size-thumbnail'><dl class='gallery-item'>\n\t\t\t<dt class='gallery-icon landscape'>\n\t\t\t\t<a href='https:\/\/www.klr.ee\/wp-content\/uploads\/2026\/02\/muusika-hingele2-scaled.jpg' title=\"\" data-rl_title=\"\" class=\"rl-gallery-link\" data-rl_caption=\"\" data-rel=\"lightbox-gallery-2\" data-magnific_type=\"gallery\"><img width=\"100\" height=\"100\" src=\"https:\/\/www.klr.ee\/wp-content\/uploads\/2026\/02\/muusika-hingele2-100x100.jpg\" class=\"attachment-thumbnail size-thumbnail\" alt=\"\" loading=\"lazy\" \/><\/a>\n\t\t\t<\/dt><\/dl><dl class='gallery-item'>\n\t\t\t<dt class='gallery-icon portrait'>\n\t\t\t\t<a href='https:\/\/www.klr.ee\/wp-content\/uploads\/2026\/02\/musika-hingele1-scaled.jpg' title=\"\" data-rl_title=\"\" class=\"rl-gallery-link\" data-rl_caption=\"\" data-rel=\"lightbox-gallery-2\" data-magnific_type=\"gallery\"><img width=\"100\" height=\"100\" src=\"https:\/\/www.klr.ee\/wp-content\/uploads\/2026\/02\/musika-hingele1-100x100.jpg\" class=\"attachment-thumbnail size-thumbnail\" alt=\"\" loading=\"lazy\" \/><\/a>\n\t\t\t<\/dt><\/dl>\n\t\t\t<br style='clear: both' \/>\n\t\t<\/div>\n<\/p>\n<hr \/>\n<p>N\u00c4ITUS <strong>&#8220;MUDELAUTOD&#8221;<\/strong> &#8211; Toomas Verniku kogust<br \/>\n<div id='gallery-3' class='gallery galleryid-62 gallery-columns-3 gallery-size-thumbnail'><dl class='gallery-item'>\n\t\t\t<dt class='gallery-icon portrait'>\n\t\t\t\t<a href='https:\/\/www.klr.ee\/wp-content\/uploads\/2026\/01\/Toomas-Verniku-kogust-1-scaled.jpg' title=\"\" data-rl_title=\"\" class=\"rl-gallery-link\" data-rl_caption=\"\" data-rel=\"lightbox-gallery-3\" data-magnific_type=\"gallery\"><img width=\"100\" height=\"100\" src=\"https:\/\/www.klr.ee\/wp-content\/uploads\/2026\/01\/Toomas-Verniku-kogust-1-100x100.jpg\" class=\"attachment-thumbnail size-thumbnail\" alt=\"\" loading=\"lazy\" \/><\/a>\n\t\t\t<\/dt><\/dl>\n\t\t\t<br style='clear: both' \/>\n\t\t<\/div>\n<\/p>\n<hr \/>\n<p><strong>Muusika\u00f5htu &#8211; &#8220;MAAD KATAB VALGE LUMEVAIP&#8221;<\/strong><br \/>\nMuusika- ja kirjandusklubi \u201eNostalgia\u201c on ehe n\u00e4ide sellest, kuidas saab oma elu ise l\u00f5busamaks ja ilusamaks elada. Klubi v\u00e4simatud eestvedajad ja esinejad toovad igal kuul raamatukogu lugemissaali need kogukonna inimesed, kellele meeldib koos laulda, pillim\u00e4ngu kuulata, l\u00f5butseda, vestelda ja lihtsalt meeldivalt aega veeta. Ja neid on palju!\ud83d\udc4f\ud83d\udc4f\ud83d\udc4f<br \/>\nEsinejad ei hoia kokku ei repertuaari ega hea tuju pealt. Sel korral k\u00f5lasid laulud nii vene, eesti, inglise kui ka ukraina keeles.<br \/>\n<div id='gallery-4' class='gallery galleryid-62 gallery-columns-3 gallery-size-thumbnail'><dl class='gallery-item'>\n\t\t\t<dt class='gallery-icon landscape'>\n\t\t\t\t<a href='https:\/\/www.klr.ee\/wp-content\/uploads\/2026\/02\/1-1.jpg' title=\"\" data-rl_title=\"\" class=\"rl-gallery-link\" data-rl_caption=\"\" data-rel=\"lightbox-gallery-4\" data-magnific_type=\"gallery\"><img width=\"100\" height=\"100\" src=\"https:\/\/www.klr.ee\/wp-content\/uploads\/2026\/02\/1-1-100x100.jpg\" class=\"attachment-thumbnail size-thumbnail\" alt=\"\" loading=\"lazy\" \/><\/a>\n\t\t\t<\/dt><\/dl><dl class='gallery-item'>\n\t\t\t<dt class='gallery-icon landscape'>\n\t\t\t\t<a href='https:\/\/www.klr.ee\/wp-content\/uploads\/2026\/02\/2-1.jpg' title=\"\" data-rl_title=\"\" class=\"rl-gallery-link\" data-rl_caption=\"\" data-rel=\"lightbox-gallery-4\" data-magnific_type=\"gallery\"><img width=\"100\" height=\"100\" src=\"https:\/\/www.klr.ee\/wp-content\/uploads\/2026\/02\/2-1-100x100.jpg\" class=\"attachment-thumbnail size-thumbnail\" alt=\"\" loading=\"lazy\" \/><\/a>\n\t\t\t<\/dt><\/dl><dl class='gallery-item'>\n\t\t\t<dt class='gallery-icon portrait'>\n\t\t\t\t<a href='https:\/\/www.klr.ee\/wp-content\/uploads\/2026\/02\/3-1.jpg' title=\"\" data-rl_title=\"\" class=\"rl-gallery-link\" data-rl_caption=\"\" data-rel=\"lightbox-gallery-4\" data-magnific_type=\"gallery\"><img width=\"100\" height=\"100\" src=\"https:\/\/www.klr.ee\/wp-content\/uploads\/2026\/02\/3-1-100x100.jpg\" class=\"attachment-thumbnail size-thumbnail\" alt=\"\" loading=\"lazy\" \/><\/a>\n\t\t\t<\/dt><\/dl><br style=\"clear: both\" \/><dl class='gallery-item'>\n\t\t\t<dt class='gallery-icon portrait'>\n\t\t\t\t<a href='https:\/\/www.klr.ee\/wp-content\/uploads\/2026\/02\/4-1.jpg' title=\"\" data-rl_title=\"\" class=\"rl-gallery-link\" data-rl_caption=\"\" data-rel=\"lightbox-gallery-4\" data-magnific_type=\"gallery\"><img width=\"100\" height=\"100\" src=\"https:\/\/www.klr.ee\/wp-content\/uploads\/2026\/02\/4-1-100x100.jpg\" class=\"attachment-thumbnail size-thumbnail\" alt=\"\" loading=\"lazy\" \/><\/a>\n\t\t\t<\/dt><\/dl><dl class='gallery-item'>\n\t\t\t<dt class='gallery-icon landscape'>\n\t\t\t\t<a href='https:\/\/www.klr.ee\/wp-content\/uploads\/2026\/02\/5-1.jpg' title=\"\" data-rl_title=\"\" class=\"rl-gallery-link\" data-rl_caption=\"\" data-rel=\"lightbox-gallery-4\" data-magnific_type=\"gallery\"><img width=\"100\" height=\"100\" src=\"https:\/\/www.klr.ee\/wp-content\/uploads\/2026\/02\/5-1-100x100.jpg\" class=\"attachment-thumbnail size-thumbnail\" alt=\"\" loading=\"lazy\" \/><\/a>\n\t\t\t<\/dt><\/dl><dl class='gallery-item'>\n\t\t\t<dt class='gallery-icon portrait'>\n\t\t\t\t<a href='https:\/\/www.klr.ee\/wp-content\/uploads\/2026\/02\/6-1.jpg' title=\"\" data-rl_title=\"\" class=\"rl-gallery-link\" data-rl_caption=\"\" data-rel=\"lightbox-gallery-4\" data-magnific_type=\"gallery\"><img width=\"100\" height=\"100\" src=\"https:\/\/www.klr.ee\/wp-content\/uploads\/2026\/02\/6-1-100x100.jpg\" class=\"attachment-thumbnail size-thumbnail\" alt=\"\" loading=\"lazy\" \/><\/a>\n\t\t\t<\/dt><\/dl><br style=\"clear: both\" \/><dl class='gallery-item'>\n\t\t\t<dt class='gallery-icon landscape'>\n\t\t\t\t<a href='https:\/\/www.klr.ee\/wp-content\/uploads\/2026\/02\/7.jpg' title=\"\" data-rl_title=\"\" class=\"rl-gallery-link\" data-rl_caption=\"\" data-rel=\"lightbox-gallery-4\" data-magnific_type=\"gallery\"><img width=\"100\" height=\"100\" src=\"https:\/\/www.klr.ee\/wp-content\/uploads\/2026\/02\/7-100x100.jpg\" class=\"attachment-thumbnail size-thumbnail\" alt=\"\" loading=\"lazy\" \/><\/a>\n\t\t\t<\/dt><\/dl><dl class='gallery-item'>\n\t\t\t<dt class='gallery-icon portrait'>\n\t\t\t\t<a href='https:\/\/www.klr.ee\/wp-content\/uploads\/2026\/02\/8-1.jpg' title=\"\" data-rl_title=\"\" class=\"rl-gallery-link\" data-rl_caption=\"\" data-rel=\"lightbox-gallery-4\" data-magnific_type=\"gallery\"><img width=\"100\" height=\"100\" src=\"https:\/\/www.klr.ee\/wp-content\/uploads\/2026\/02\/8-1-100x100.jpg\" class=\"attachment-thumbnail size-thumbnail\" alt=\"\" loading=\"lazy\" \/><\/a>\n\t\t\t<\/dt><\/dl><dl class='gallery-item'>\n\t\t\t<dt class='gallery-icon landscape'>\n\t\t\t\t<a href='https:\/\/www.klr.ee\/wp-content\/uploads\/2026\/02\/9-1.jpg' title=\"\" data-rl_title=\"\" class=\"rl-gallery-link\" data-rl_caption=\"\" data-rel=\"lightbox-gallery-4\" data-magnific_type=\"gallery\"><img width=\"100\" height=\"100\" src=\"https:\/\/www.klr.ee\/wp-content\/uploads\/2026\/02\/9-1-100x100.jpg\" class=\"attachment-thumbnail size-thumbnail\" alt=\"\" loading=\"lazy\" \/><\/a>\n\t\t\t<\/dt><\/dl><br style=\"clear: both\" \/>\n\t\t<\/div>\n<\/p>\n<hr \/>\n<p><strong>Vestlus\u00f5htu M\u00e4rt Treieriga &#8211; &#8220;Kuidas ja milleks hoida vaimu&#8221;<\/strong><br \/>\n14. jaanuaril toimus Kivi\u00f5li Linnaraamatukogus inspireeriv ja p\u00f5nev kohtumine tuntud ajakirjaniku ja raadioh\u00e4\u00e4le M\u00e4rt Treieriga.<br \/>\nEuroopa Sotsiaalfondi rahastuse toel toimunud \u201eTervisekohvik raamatukogus\u201c 5-osalise sarja esimesel kohtumisel  said 55+ vanuses kogukonna inimesed kuulda, kuidas meid m\u00f5jutatakse meediat tarbima ning kuidas see toimib, mida meedia annab ja mida meilt v\u00f5tab. Vestlus\u00f5htu l\u00f5puks j\u00e4i k\u00f5lama m\u00f5te, et k\u00f5ige parem ajaviitevorm on raamat, sest meediapilt ehk siis k\u00f5ik see, mida n\u00e4itab meile ekraan, p\u00e4rsib inimese kujutlusv\u00f5imet ega sunni aju kaasa m\u00f5tlema. Raamatukogule sobib selline t\u00f5lgendus v\u00e4ga h\u00e4sti!<br \/>\nKohvilaua ja maitsvate tervislike suupistete eest hoolitses Pagarikoda O\u00dc.<br \/>\n<div id='gallery-5' class='gallery galleryid-62 gallery-columns-3 gallery-size-thumbnail'><dl class='gallery-item'>\n\t\t\t<dt class='gallery-icon landscape'>\n\t\t\t\t<a href='https:\/\/www.klr.ee\/wp-content\/uploads\/2026\/01\/1-1-scaled.jpg' title=\"\" data-rl_title=\"\" class=\"rl-gallery-link\" data-rl_caption=\"\" data-rel=\"lightbox-gallery-5\" data-magnific_type=\"gallery\"><img width=\"100\" height=\"100\" src=\"https:\/\/www.klr.ee\/wp-content\/uploads\/2026\/01\/1-1-100x100.jpg\" class=\"attachment-thumbnail size-thumbnail\" alt=\"\" loading=\"lazy\" \/><\/a>\n\t\t\t<\/dt><\/dl><dl class='gallery-item'>\n\t\t\t<dt class='gallery-icon landscape'>\n\t\t\t\t<a href='https:\/\/www.klr.ee\/wp-content\/uploads\/2026\/01\/2.jpg' title=\"\" data-rl_title=\"\" class=\"rl-gallery-link\" data-rl_caption=\"\" data-rel=\"lightbox-gallery-5\" data-magnific_type=\"gallery\"><img width=\"100\" height=\"100\" src=\"https:\/\/www.klr.ee\/wp-content\/uploads\/2026\/01\/2-100x100.jpg\" class=\"attachment-thumbnail size-thumbnail\" alt=\"\" loading=\"lazy\" \/><\/a>\n\t\t\t<\/dt><\/dl><dl class='gallery-item'>\n\t\t\t<dt class='gallery-icon landscape'>\n\t\t\t\t<a href='https:\/\/www.klr.ee\/wp-content\/uploads\/2026\/01\/4-scaled.jpg' title=\"\" data-rl_title=\"\" class=\"rl-gallery-link\" data-rl_caption=\"\" data-rel=\"lightbox-gallery-5\" data-magnific_type=\"gallery\"><img width=\"100\" height=\"100\" src=\"https:\/\/www.klr.ee\/wp-content\/uploads\/2026\/01\/4-100x100.jpg\" class=\"attachment-thumbnail size-thumbnail\" alt=\"\" loading=\"lazy\" \/><\/a>\n\t\t\t<\/dt><\/dl><br style=\"clear: both\" \/><dl class='gallery-item'>\n\t\t\t<dt class='gallery-icon landscape'>\n\t\t\t\t<a href='https:\/\/www.klr.ee\/wp-content\/uploads\/2026\/01\/5.jpg' title=\"\" data-rl_title=\"\" class=\"rl-gallery-link\" data-rl_caption=\"\" data-rel=\"lightbox-gallery-5\" data-magnific_type=\"gallery\"><img width=\"100\" height=\"100\" src=\"https:\/\/www.klr.ee\/wp-content\/uploads\/2026\/01\/5-100x100.jpg\" class=\"attachment-thumbnail size-thumbnail\" alt=\"\" loading=\"lazy\" \/><\/a>\n\t\t\t<\/dt><\/dl><dl class='gallery-item'>\n\t\t\t<dt class='gallery-icon landscape'>\n\t\t\t\t<a href='https:\/\/www.klr.ee\/wp-content\/uploads\/2026\/01\/3-1.jpg' title=\"\" data-rl_title=\"\" class=\"rl-gallery-link\" data-rl_caption=\"\" data-rel=\"lightbox-gallery-5\" data-magnific_type=\"gallery\"><img width=\"100\" height=\"100\" src=\"https:\/\/www.klr.ee\/wp-content\/uploads\/2026\/01\/3-1-100x100.jpg\" class=\"attachment-thumbnail size-thumbnail\" alt=\"\" loading=\"lazy\" \/><\/a>\n\t\t\t<\/dt><\/dl><dl class='gallery-item'>\n\t\t\t<dt class='gallery-icon landscape'>\n\t\t\t\t<a href='https:\/\/www.klr.ee\/wp-content\/uploads\/2026\/01\/6-scaled.jpg' title=\"\" data-rl_title=\"\" class=\"rl-gallery-link\" data-rl_caption=\"\" data-rel=\"lightbox-gallery-5\" data-magnific_type=\"gallery\"><img width=\"100\" height=\"100\" src=\"https:\/\/www.klr.ee\/wp-content\/uploads\/2026\/01\/6-100x100.jpg\" class=\"attachment-thumbnail size-thumbnail\" alt=\"\" loading=\"lazy\" \/><\/a>\n\t\t\t<\/dt><\/dl><br style=\"clear: both\" \/><dl class='gallery-item'>\n\t\t\t<dt class='gallery-icon landscape'>\n\t\t\t\t<a href='https:\/\/www.klr.ee\/wp-content\/uploads\/2026\/01\/7-scaled.jpg' title=\"\" data-rl_title=\"\" class=\"rl-gallery-link\" data-rl_caption=\"\" data-rel=\"lightbox-gallery-5\" data-magnific_type=\"gallery\"><img width=\"100\" height=\"100\" src=\"https:\/\/www.klr.ee\/wp-content\/uploads\/2026\/01\/7-100x100.jpg\" class=\"attachment-thumbnail size-thumbnail\" alt=\"\" loading=\"lazy\" \/><\/a>\n\t\t\t<\/dt><\/dl><dl class='gallery-item'>\n\t\t\t<dt class='gallery-icon portrait'>\n\t\t\t\t<a href='https:\/\/www.klr.ee\/wp-content\/uploads\/2026\/01\/8-scaled.jpg' title=\"\" data-rl_title=\"\" class=\"rl-gallery-link\" data-rl_caption=\"\" data-rel=\"lightbox-gallery-5\" data-magnific_type=\"gallery\"><img width=\"100\" height=\"100\" src=\"https:\/\/www.klr.ee\/wp-content\/uploads\/2026\/01\/8-100x100.jpg\" class=\"attachment-thumbnail size-thumbnail\" alt=\"\" loading=\"lazy\" \/><\/a>\n\t\t\t<\/dt><\/dl>\n\t\t\t<br style='clear: both' \/>\n\t\t<\/div>\n<\/p>\n<hr \/>\n","protected":false},"excerpt":{"rendered":"<p>Kohtumis\u00f5htu Tauri Tallermaaga &#8211; &#8220;Keskendumine ja m\u00e4lu treening&#8221; Kui keegi t\u00f5mbab publiku k\u00e4ima, siis on see m\u00e4lutreener Tauri Tallermaa. Haaravat ja p\u00f5nevat vestlus\u00f5htut ilmestasid mitmed praktilised harjutused \u2013 rahval oli l\u00f5bu laialt! Oli \u00fcllatav, kui v\u00e4he me igap\u00e4evaselt kasutuses v\u00f5i silme ees olevaid kujundeid tegelikult m\u00e4rkame. Teeme katse: meil on praegu ol\u00fcmpia k\u00e4imas. Nimeta j\u00e4rjekorras [&hellip;]<\/p>\n","protected":false},"author":1,"featured_media":0,"parent":0,"menu_order":0,"comment_status":"closed","ping_status":"closed","template":"","meta":{"_monsterinsights_skip_tracking":false,"_monsterinsights_sitenote_active":false,"_monsterinsights_sitenote_note":"","_monsterinsights_sitenote_category":0},"_links":{"self":[{"href":"https:\/\/www.klr.ee\/index.php?rest_route=\/wp\/v2\/pages\/62"}],"collection":[{"href":"https:\/\/www.klr.ee\/index.php?rest_route=\/wp\/v2\/pages"}],"about":[{"href":"https:\/\/www.klr.ee\/index.php?rest_route=\/wp\/v2\/types\/page"}],"author":[{"embeddable":true,"href":"https:\/\/www.klr.ee\/index.php?rest_route=\/wp\/v2\/users\/1"}],"replies":[{"embeddable":true,"href":"https:\/\/www.klr.ee\/index.php?rest_route=%2Fwp%2Fv2%2Fcomments&post=62"}],"version-history":[{"count":245,"href":"https:\/\/www.klr.ee\/index.php?rest_route=\/wp\/v2\/pages\/62\/revisions"}],"predecessor-version":[{"id":4767,"href":"https:\/\/www.klr.ee\/index.php?rest_route=\/wp\/v2\/pages\/62\/revisions\/4767"}],"wp:attachment":[{"href":"https:\/\/www.klr.ee\/index.php?rest_route=%2Fwp%2Fv2%2Fmedia&parent=62"}],"curies":[{"name":"wp","href":"https:\/\/api.w.org\/{rel}","templated":true}]}}