{"id":7,"date":"2018-06-22T18:43:36","date_gmt":"2018-06-22T16:43:36","guid":{"rendered":"http:\/\/www.klr.ee\/?page_id=7"},"modified":"2026-04-27T14:30:02","modified_gmt":"2026-04-27T12:30:02","slug":"avaleht","status":"publish","type":"page","link":"https:\/\/www.klr.ee\/","title":{"rendered":"Avaleht"},"content":{"rendered":"<p><img loading=\"lazy\" src=\"https:\/\/www.klr.ee\/wp-content\/uploads\/2026\/04\/banner_lvr.jpg\" alt=\"\" width=\"1000\" height=\"250\" class=\"alignnone size-full wp-image-4789\" srcset=\"https:\/\/www.klr.ee\/wp-content\/uploads\/2026\/04\/banner_lvr.jpg 1000w, https:\/\/www.klr.ee\/wp-content\/uploads\/2026\/04\/banner_lvr-768x192.jpg 768w\" sizes=\"(max-width: 1000px) 100vw, 1000px\" \/><\/p>\n<p>Alates <strong>1. septembrist 2024. a.<\/strong> oleme L\u00dcGANUSE VALLA RAAMATUKOGU, mille keskkogu on Kivi\u00f5li Linnaraamatukogu ja harukogud on P\u00fcssi, L\u00fcganuse, Maidla ja Sonda.<\/p>\n<p>Raamatukogu on \u00fcldkasutatav rahvaraamatukogu, raamatukogu fondid on koostiselt universaalsed.<\/p>\n<p>Raamatukogu p\u00f5hiteenused on teavikute kohalkasutus ja kojulaenutus. P\u00f5hiteenused on tasuta. Lugejatel on v\u00f5imalik kasutada internetiarvutit.<\/p>\n<p>Raamatukogul on olemas erivajadustega inimestele iseseisva sissep\u00e4\u00e4su v\u00f5imalus (kaldtee).<\/p>\n<p>Iga kuu viimasel reedel on raamatukogu siset\u00f6\u00f6ks suletud.<\/p>\n<p>Suveperioodil (1. juunist 31. augustini) on raamatukogu laup\u00e4eviti suletud.<\/p>\n","protected":false},"excerpt":{"rendered":"<p>Alates 1. septembrist 2024. a. oleme L\u00dcGANUSE VALLA RAAMATUKOGU, mille keskkogu on Kivi\u00f5li Linnaraamatukogu ja harukogud on P\u00fcssi, L\u00fcganuse, Maidla ja Sonda. Raamatukogu on \u00fcldkasutatav rahvaraamatukogu, raamatukogu fondid on koostiselt universaalsed. Raamatukogu p\u00f5hiteenused on teavikute kohalkasutus ja kojulaenutus. P\u00f5hiteenused on tasuta. Lugejatel on v\u00f5imalik kasutada internetiarvutit. Raamatukogul on olemas erivajadustega inimestele iseseisva sissep\u00e4\u00e4su v\u00f5imalus (kaldtee). [&hellip;]<\/p>\n","protected":false},"author":1,"featured_media":0,"parent":0,"menu_order":0,"comment_status":"closed","ping_status":"closed","template":"","meta":{"_monsterinsights_skip_tracking":false,"_monsterinsights_sitenote_active":false,"_monsterinsights_sitenote_note":"","_monsterinsights_sitenote_category":0},"_links":{"self":[{"href":"https:\/\/www.klr.ee\/index.php?rest_route=\/wp\/v2\/pages\/7"}],"collection":[{"href":"https:\/\/www.klr.ee\/index.php?rest_route=\/wp\/v2\/pages"}],"about":[{"href":"https:\/\/www.klr.ee\/index.php?rest_route=\/wp\/v2\/types\/page"}],"author":[{"embeddable":true,"href":"https:\/\/www.klr.ee\/index.php?rest_route=\/wp\/v2\/users\/1"}],"replies":[{"embeddable":true,"href":"https:\/\/www.klr.ee\/index.php?rest_route=%2Fwp%2Fv2%2Fcomments&post=7"}],"version-history":[{"count":63,"href":"https:\/\/www.klr.ee\/index.php?rest_route=\/wp\/v2\/pages\/7\/revisions"}],"predecessor-version":[{"id":4790,"href":"https:\/\/www.klr.ee\/index.php?rest_route=\/wp\/v2\/pages\/7\/revisions\/4790"}],"wp:attachment":[{"href":"https:\/\/www.klr.ee\/index.php?rest_route=%2Fwp%2Fv2%2Fmedia&parent=7"}],"curies":[{"name":"wp","href":"https:\/\/api.w.org\/{rel}","templated":true}]}}